{"id":1177,"date":"2015-10-19T18:55:49","date_gmt":"2015-10-19T16:55:49","guid":{"rendered":"https:\/\/haciendalasfuentes.es\/gestion\/gestion\/en\/politica-de-privacidad\/"},"modified":"2015-11-09T19:19:20","modified_gmt":"2015-11-09T17:19:20","slug":"privacy-policy","status":"publish","type":"page","link":"https:\/\/haciendalasfuentes.es\/en\/privacy-policy\/","title":{"rendered":"Privacy Policy"},"content":{"rendered":"<p>[vc_row][vc_column][vc_column_text]<\/p>\n<h3>Garant\u00eda de seguridad y privacidad de datos<\/h3>\n<p>La informaci\u00f3n recibida a trav\u00e9s de esta p\u00e1gina web ser\u00e1 tratada con la m\u00e1xima confidencialidad.<strong> Hacienda las Fuente<\/strong>s se compromete a no utilizar los datos personales de los usuarios de la p\u00e1gina para fines distintos ajenos al objeto de la contrataci\u00f3n de los servicios que presta.<\/p>\n<p>De acuerdo con lo dispuesto en la Ley Org\u00e1nica 15\/1999, de 13 de diciembre, de Protecci\u00f3n de Datos de Car\u00e1cter Personal, informamos al usuario que los datos solicitados en esta p\u00e1gina web son incluidos en un fichero utilizado para gestionar los pedidos solicitados a la Compa\u00f1\u00eda y responder a las consultas o contrataciones que los usuarios puedan formular. La entidad responsable de los ficheros es <strong>Hacienda las Fuentes<\/strong>, que en ning\u00fan caso utilizar\u00e1 la informaci\u00f3n para fines distintos ni cedidos a terceros.<\/p>\n<p>El usuario ha de proporcionar los datos y circunstancias personales o de la empresa que represente y que sean necesarios para darse de alta como cliente de la empresa. El registro de estos datos es obligatorio, la falta de complementaci\u00f3n de los mismos por parte del usuario o el suministro de informaci\u00f3n no veraz imposibilitar\u00e1 que <strong>Hacienda las Fuentes<\/strong> pueda gestionar correctamente las contrataciones efecturadas. El usuario autoriza expresamente a que estos datos sean archivados siempre para uso interno.<\/p>\n<h3>Derechos de acceso, rectificaci\u00f3n, cancelaci\u00f3n y oposici\u00f3n<\/h3>\n<p><strong>Hacienda las Fuentes<\/strong> entidad destinataria de los datos que se recogen en esta p\u00e1gina, se compromete a respetar y facilitar a los interesados el ejercicio de los derechos reconocidos por la ley y, en particular, los derechos de acceso a los datos, rectificaci\u00f3n, cancelaci\u00f3n de datos y oposici\u00f3n, si resultase pertinente. Tales derechos podr\u00e1n ser ejercitados por el usuario o, en su caso, por quien lo represente, mediante:<\/p>\n<p>Solicitud escrita y firmada, dirigida a la siguiente direcci\u00f3n: Cno. de Co\u00edn, Km 2.1, 29650, Mijas Costa, M\u00e1laga.[\/vc_column_text][\/vc_column][\/vc_row]<\/p>\n","protected":false},"excerpt":{"rendered":"<p>[vc_row][vc_column][vc_column_text] Garant\u00eda de seguridad y privacidad de datos La informaci\u00f3n recibida a trav\u00e9s de esta p\u00e1gina web ser\u00e1 tratada con la m\u00e1xima confidencialidad. Hacienda las Fuentes se compromete a no utilizar los datos personales de los usuarios de la p\u00e1gina para fines distintos ajenos al objeto de la contrataci\u00f3n de [&hellip;]<\/p>\n","protected":false},"author":1,"featured_media":0,"parent":0,"menu_order":0,"comment_status":"closed","ping_status":"closed","template":"","meta":[],"_links":{"self":[{"href":"https:\/\/haciendalasfuentes.es\/en\/wp-json\/wp\/v2\/pages\/1177"}],"collection":[{"href":"https:\/\/haciendalasfuentes.es\/en\/wp-json\/wp\/v2\/pages"}],"about":[{"href":"https:\/\/haciendalasfuentes.es\/en\/wp-json\/wp\/v2\/types\/page"}],"author":[{"embeddable":true,"href":"https:\/\/haciendalasfuentes.es\/en\/wp-json\/wp\/v2\/users\/1"}],"replies":[{"embeddable":true,"href":"https:\/\/haciendalasfuentes.es\/en\/wp-json\/wp\/v2\/comments?post=1177"}],"version-history":[{"count":1,"href":"https:\/\/haciendalasfuentes.es\/en\/wp-json\/wp\/v2\/pages\/1177\/revisions"}],"predecessor-version":[{"id":1179,"href":"https:\/\/haciendalasfuentes.es\/en\/wp-json\/wp\/v2\/pages\/1177\/revisions\/1179"}],"wp:attachment":[{"href":"https:\/\/haciendalasfuentes.es\/en\/wp-json\/wp\/v2\/media?parent=1177"}],"curies":[{"name":"wp","href":"https:\/\/api.w.org\/{rel}","templated":true}]}}